{"id":194,"date":"2024-03-28T09:48:14","date_gmt":"2024-03-28T08:48:14","guid":{"rendered":"https:\/\/lesjardinsdusalignon.fr\/?page_id=194"},"modified":"2024-03-28T09:58:05","modified_gmt":"2024-03-28T08:58:05","slug":"les-oeufs","status":"publish","type":"page","link":"https:\/\/lesjardinsdusalignon.fr\/index.php\/les-oeufs\/","title":{"rendered":"Les \u0153ufs"},"content":{"rendered":"\n<div class=\"wp-block-cover alignfull is-light has-custom-content-position is-position-bottom-left wp-duotone-unset-1\" style=\"min-height:583px;aspect-ratio:unset;\"><span aria-hidden=\"true\" class=\"wp-block-cover__background has-background-dim-0 has-background-dim has-background-gradient\" style=\"background:linear-gradient(35deg,rgb(6,0,151) 0%,rgb(130,4,255) 73%,rgb(193,15,255) 100%)\"><\/span><img loading=\"lazy\" decoding=\"async\" width=\"1600\" height=\"1200\" class=\"wp-block-cover__image-background wp-image-35\" alt=\"\" src=\"http:\/\/lesjardinsdusalignon.fr\/wp-content\/uploads\/2023\/04\/IMG-20220519-WA0003.jpg\" style=\"object-position:41% 72%\" data-object-fit=\"cover\" data-object-position=\"41% 72%\" srcset=\"https:\/\/lesjardinsdusalignon.fr\/wp-content\/uploads\/2023\/04\/IMG-20220519-WA0003.jpg 1600w, https:\/\/lesjardinsdusalignon.fr\/wp-content\/uploads\/2023\/04\/IMG-20220519-WA0003-300x225.jpg 300w, https:\/\/lesjardinsdusalignon.fr\/wp-content\/uploads\/2023\/04\/IMG-20220519-WA0003-1024x768.jpg 1024w, https:\/\/lesjardinsdusalignon.fr\/wp-content\/uploads\/2023\/04\/IMG-20220519-WA0003-768x576.jpg 768w, https:\/\/lesjardinsdusalignon.fr\/wp-content\/uploads\/2023\/04\/IMG-20220519-WA0003-1536x1152.jpg 1536w\" sizes=\"auto, (max-width: 1600px) 100vw, 1600px\" \/><div class=\"wp-block-cover__inner-container is-layout-flow wp-block-cover-is-layout-flow\">\n<div class=\"inherit-container-width wp-block-group alignwide is-layout-constrained wp-block-group-is-layout-constrained\">\n<h1 class=\"wp-block-heading has-text-align-left has-ast-global-color-5-color has-text-color has-x-large-font-size\">Ferme maraich\u00e8re bio aux portes du Haut-Doubs<\/h1>\n<\/div>\n<\/div><\/div>\n\n\n\n<div class=\"wp-block-group alignfull has-ast-global-color-5-background-color has-background is-layout-constrained wp-container-core-group-is-layout-9cedb757 wp-block-group-is-layout-constrained\" style=\"padding-bottom:0px\">\n<div class=\"wp-block-columns are-vertically-aligned-top is-layout-flex wp-container-core-columns-is-layout-00723822 wp-block-columns-is-layout-flex\">\n<div class=\"wp-block-column is-layout-flow wp-block-column-is-layout-flow\">\n<h2 class=\"wp-block-heading\">Les oeufs<\/h2>\n\n\n\n<p>A c\u00f4t\u00e9 des l\u00e9gumes, j&#8217;\u00e9l\u00e8ve une soixantaine de poules pondeuses. Mes poules se nourrissent d&#8217;herbe, d&#8217;aliment bio et aussi de tous les restes de l\u00e9gumes et fanes non vendues. Elles ont acc\u00e8s tous les jours \u00e0 l&#8217;ext\u00e9rieur pour gambader, gratter, jouer&#8230; en bref vivre leur vie de poule !<\/p>\n\n\n\n<div style=\"height:52px\" aria-hidden=\"true\" class=\"wp-block-spacer\"><\/div>\n\n\n\n<div class=\"wp-block-columns is-layout-flex wp-container-core-columns-is-layout-28f84493 wp-block-columns-is-layout-flex\">\n<div class=\"wp-block-column is-layout-flow wp-block-column-is-layout-flow\">\n<figure class=\"wp-block-image size-full\"><img loading=\"lazy\" decoding=\"async\" width=\"2560\" height=\"1915\" src=\"http:\/\/lesjardinsdusalignon.fr\/wp-content\/uploads\/2024\/03\/IMG_20230923_092606_061tiny-scaled.jpg\" alt=\"\u0153ufs bio fallerans\n\u0153ufs bio Valdahon\n\u0153ufs bio \u00e9talans\" class=\"wp-image-198\" srcset=\"https:\/\/lesjardinsdusalignon.fr\/wp-content\/uploads\/2024\/03\/IMG_20230923_092606_061tiny-scaled.jpg 2560w, https:\/\/lesjardinsdusalignon.fr\/wp-content\/uploads\/2024\/03\/IMG_20230923_092606_061tiny-300x224.jpg 300w, https:\/\/lesjardinsdusalignon.fr\/wp-content\/uploads\/2024\/03\/IMG_20230923_092606_061tiny-1024x766.jpg 1024w, https:\/\/lesjardinsdusalignon.fr\/wp-content\/uploads\/2024\/03\/IMG_20230923_092606_061tiny-768x574.jpg 768w, https:\/\/lesjardinsdusalignon.fr\/wp-content\/uploads\/2024\/03\/IMG_20230923_092606_061tiny-1536x1149.jpg 1536w, https:\/\/lesjardinsdusalignon.fr\/wp-content\/uploads\/2024\/03\/IMG_20230923_092606_061tiny-2048x1532.jpg 2048w\" sizes=\"auto, (max-width: 2560px) 100vw, 2560px\" \/><\/figure>\n<\/div>\n\n\n\n<div class=\"wp-block-column is-layout-flow wp-block-column-is-layout-flow\">\n<p>Ce type d&#8217;\u00e9levage bio et &#8220;\u00e0 taille humaine&#8221; me permet de vous proposer des \u0153ufs ultra-frais tout au long de la saison, et qui ont du go\u00fbt. Il garantit aussi le bien-\u00eatre de mes poules, qui ont de l&#8217;espace pour s&#8217;\u00e9panouir et profiter de la lumi\u00e8re du soleil (et de la pluie aussi !).<\/p>\n\n\n\n<p>Les \u0153ufs sont propos\u00e9s sur chacun de mes lieux de vente (par 6 ou par 12), ainsi qu&#8217;\u00e0 la commande en compl\u00e9ment du panier de l\u00e9gumes.<\/p>\n<\/div>\n<\/div>\n<\/div>\n<\/div>\n<\/div>\n\n\n\n<div style=\"height:46px\" aria-hidden=\"true\" class=\"wp-block-spacer\"><\/div>\n","protected":false},"excerpt":{"rendered":"<p>Les oeufs A c\u00f4t\u00e9 des l\u00e9gumes, j&#8217;\u00e9l\u00e8ve une soixantaine de poules pondeuses. Mes poules se nourrissent d&#8217;herbe, d&#8217;aliment bio et aussi de tous les restes de l\u00e9gumes et fanes non vendues. Elles ont acc\u00e8s tous les jours \u00e0 l&#8217;ext\u00e9rieur pour gambader, gratter, jouer&#8230; en bref vivre leur vie de poule ! Ce type d&#8217;\u00e9levage bio [&hellip;]<\/p>\n","protected":false},"author":1,"featured_media":0,"parent":0,"menu_order":0,"comment_status":"closed","ping_status":"closed","template":"","meta":{"site-sidebar-layout":"default","site-content-layout":"","ast-site-content-layout":"default","site-content-style":"default","site-sidebar-style":"default","ast-global-header-display":"","ast-banner-title-visibility":"","ast-main-header-display":"","ast-hfb-above-header-display":"","ast-hfb-below-header-display":"","ast-hfb-mobile-header-display":"","site-post-title":"","ast-breadcrumbs-content":"","ast-featured-img":"","footer-sml-layout":"","theme-transparent-header-meta":"","adv-header-id-meta":"","stick-header-meta":"","header-above-stick-meta":"","header-main-stick-meta":"","header-below-stick-meta":"","astra-migrate-meta-layouts":"set","ast-page-background-enabled":"default","ast-page-background-meta":{"desktop":{"background-color":"var(--ast-global-color-4)","background-image":"","background-repeat":"repeat","background-position":"center center","background-size":"auto","background-attachment":"scroll","background-type":"","background-media":"","overlay-type":"","overlay-color":"","overlay-gradient":""},"tablet":{"background-color":"","background-image":"","background-repeat":"repeat","background-position":"center center","background-size":"auto","background-attachment":"scroll","background-type":"","background-media":"","overlay-type":"","overlay-color":"","overlay-gradient":""},"mobile":{"background-color":"","background-image":"","background-repeat":"repeat","background-position":"center center","background-size":"auto","background-attachment":"scroll","background-type":"","background-media":"","overlay-type":"","overlay-color":"","overlay-gradient":""}},"ast-content-background-meta":{"desktop":{"background-color":"var(--ast-global-color-5)","background-image":"","background-repeat":"repeat","background-position":"center center","background-size":"auto","background-attachment":"scroll","background-type":"","background-media":"","overlay-type":"","overlay-color":"","overlay-gradient":""},"tablet":{"background-color":"var(--ast-global-color-5)","background-image":"","background-repeat":"repeat","background-position":"center center","background-size":"auto","background-attachment":"scroll","background-type":"","background-media":"","overlay-type":"","overlay-color":"","overlay-gradient":""},"mobile":{"background-color":"var(--ast-global-color-5)","background-image":"","background-repeat":"repeat","background-position":"center center","background-size":"auto","background-attachment":"scroll","background-type":"","background-media":"","overlay-type":"","overlay-color":"","overlay-gradient":""}},"footnotes":""},"class_list":["post-194","page","type-page","status-publish","hentry"],"_links":{"self":[{"href":"https:\/\/lesjardinsdusalignon.fr\/index.php\/wp-json\/wp\/v2\/pages\/194","targetHints":{"allow":["GET"]}}],"collection":[{"href":"https:\/\/lesjardinsdusalignon.fr\/index.php\/wp-json\/wp\/v2\/pages"}],"about":[{"href":"https:\/\/lesjardinsdusalignon.fr\/index.php\/wp-json\/wp\/v2\/types\/page"}],"author":[{"embeddable":true,"href":"https:\/\/lesjardinsdusalignon.fr\/index.php\/wp-json\/wp\/v2\/users\/1"}],"replies":[{"embeddable":true,"href":"https:\/\/lesjardinsdusalignon.fr\/index.php\/wp-json\/wp\/v2\/comments?post=194"}],"version-history":[{"count":3,"href":"https:\/\/lesjardinsdusalignon.fr\/index.php\/wp-json\/wp\/v2\/pages\/194\/revisions"}],"predecessor-version":[{"id":199,"href":"https:\/\/lesjardinsdusalignon.fr\/index.php\/wp-json\/wp\/v2\/pages\/194\/revisions\/199"}],"wp:attachment":[{"href":"https:\/\/lesjardinsdusalignon.fr\/index.php\/wp-json\/wp\/v2\/media?parent=194"}],"curies":[{"name":"wp","href":"https:\/\/api.w.org\/{rel}","templated":true}]}}